{"id":123,"date":"2017-09-05T16:30:06","date_gmt":"2017-09-05T16:30:06","guid":{"rendered":"http:\/\/xolvento.com\/?page_id=123"},"modified":"2021-09-10T12:50:14","modified_gmt":"2021-09-10T17:50:14","slug":"petroleo-gas-tratamiento-quimico-inhibidor-corrosion-incrustacion-bacteria","status":"publish","type":"page","link":"https:\/\/xolvento.com\/index.php\/petroleo-gas-tratamiento-quimico-inhibidor-corrosion-incrustacion-bacteria\/","title":{"rendered":"Petr\u00f3leo y Gas"},"content":{"rendered":"<h4 style=\"text-align: justify;\"><span style=\"color: #993300;\">Ofrecemos soluciones al mejoramiento de la calidad de los hidrocarburos producidos, as\u00ed como sus aguas residuales.\u00a0<\/span><\/h4>\n<h4 style=\"text-align: justify;\"><span style=\"color: #993300;\">Formulamos productos <a href=\"https:\/\/xolvento.com\/wp-content\/uploads\/2021\/07\/xolvento-hoja-tecnica-demxol-tc289-1.pdf\" target=\"_blank\" rel=\"noopener\">desemulsificantes<\/a>, inhibidores de corrosi\u00f3n, solventes removedores de parafinas y asfaltenos, antiespumantes, mejoradores de flujo, etc.<\/span><\/h4>\n<h4 style=\"text-align: justify;\"><span style=\"color: #993300;\">En <a href=\"https:\/\/xolvento.com\/index.php\/tratamiento-de-aguas-fisicoquimico-corrosion-incrustacion-bacteria-analisis-laboratorio-residuales-aguas\/\" target=\"_blank\" rel=\"noopener\">Tratamiento de aguas residuales<\/a>, contamos con diversos paquetes de tratamiento integral, constitu\u00eddos por: <a href=\"https:\/\/xolvento.com\/index.php\/bacteria\/\" target=\"_blank\" rel=\"noopener\">Bactericidas<\/a>, <a href=\"https:\/\/xolvento.com\/index.php\/clarificacion\/\" target=\"_blank\" rel=\"noopener\">clarificadores<\/a>, secuestrantes dehttps:\/\/xolvento.com\/clarificacion\/ ox\u00edgeno, <a href=\"https:\/\/xolvento.com\/index.php\/corrosion\/\" target=\"_blank\" rel=\"noopener\">inhibidores de corrosi\u00f3n<\/a>\/<a href=\"https:\/\/xolvento.com\/index.php\/incrustacion\/\" target=\"_blank\" rel=\"noopener\">incrustaci\u00f3n<\/a>, surfactantes para retrolavado de filtros, etc..<\/span><\/h4>\n<h4 style=\"text-align: justify;\"><span style=\"color: #993300;\">Desarrollamos pruebas de campo para evaluaci\u00f3n y control de calidad de flu\u00eddos de Producci\u00f3n y control del pozo.<\/span><\/h4>\n","protected":false},"excerpt":{"rendered":"<p>Ofrecemos soluciones al mejoramiento de la calidad de los hidrocarburos producidos, as\u00ed como sus aguas residuales.\u00a0 Formulamos productos desemulsificantes, inhibidores de corrosi\u00f3n, solventes removedores de parafinas y asfaltenos, antiespumantes, mejoradores de flujo, etc. En Tratamiento de aguas residuales, contamos con diversos paquetes de tratamiento integral, constitu\u00eddos por: Bactericidas, clarificadores, secuestrantes dehttps:\/\/xolvento.com\/clarificacion\/ ox\u00edgeno, inhibidores de corrosi\u00f3n\/incrustaci\u00f3n, [&hellip;]<\/p>\n","protected":false},"author":1,"featured_media":361,"parent":0,"menu_order":0,"comment_status":"closed","ping_status":"closed","template":"","meta":{"site-sidebar-layout":"default","site-content-layout":"default","ast-site-content-layout":"default","site-content-style":"default","site-sidebar-style":"default","ast-global-header-display":"","ast-banner-title-visibility":"","ast-main-header-display":"","ast-hfb-above-header-display":"","ast-hfb-below-header-display":"","ast-hfb-mobile-header-display":"","site-post-title":"","ast-breadcrumbs-content":"","ast-featured-img":"","footer-sml-layout":"","ast-disable-related-posts":"","theme-transparent-header-meta":"default","adv-header-id-meta":"","stick-header-meta":"","header-above-stick-meta":"","header-main-stick-meta":"","header-below-stick-meta":"","astra-migrate-meta-layouts":"default","ast-page-background-enabled":"default","ast-page-background-meta":{"desktop":{"background-color":"var(--ast-global-color-4)","background-image":"","background-repeat":"repeat","background-position":"center center","background-size":"auto","background-attachment":"scroll","background-type":"","background-media":"","overlay-type":"","overlay-color":"","overlay-opacity":"","overlay-gradient":""},"tablet":{"background-color":"","background-image":"","background-repeat":"repeat","background-position":"center center","background-size":"auto","background-attachment":"scroll","background-type":"","background-media":"","overlay-type":"","overlay-color":"","overlay-opacity":"","overlay-gradient":""},"mobile":{"background-color":"","background-image":"","background-repeat":"repeat","background-position":"center center","background-size":"auto","background-attachment":"scroll","background-type":"","background-media":"","overlay-type":"","overlay-color":"","overlay-opacity":"","overlay-gradient":""}},"ast-content-background-meta":{"desktop":{"background-color":"var(--ast-global-color-5)","background-image":"","background-repeat":"repeat","background-position":"center center","background-size":"auto","background-attachment":"scroll","background-type":"","background-media":"","overlay-type":"","overlay-color":"","overlay-opacity":"","overlay-gradient":""},"tablet":{"background-color":"var(--ast-global-color-5)","background-image":"","background-repeat":"repeat","background-position":"center center","background-size":"auto","background-attachment":"scroll","background-type":"","background-media":"","overlay-type":"","overlay-color":"","overlay-opacity":"","overlay-gradient":""},"mobile":{"background-color":"var(--ast-global-color-5)","background-image":"","background-repeat":"repeat","background-position":"center center","background-size":"auto","background-attachment":"scroll","background-type":"","background-media":"","overlay-type":"","overlay-color":"","overlay-opacity":"","overlay-gradient":""}},"footnotes":""},"class_list":["post-123","page","type-page","status-publish","has-post-thumbnail","hentry"],"aioseo_notices":[],"_links":{"self":[{"href":"https:\/\/xolvento.com\/index.php\/wp-json\/wp\/v2\/pages\/123","targetHints":{"allow":["GET"]}}],"collection":[{"href":"https:\/\/xolvento.com\/index.php\/wp-json\/wp\/v2\/pages"}],"about":[{"href":"https:\/\/xolvento.com\/index.php\/wp-json\/wp\/v2\/types\/page"}],"author":[{"embeddable":true,"href":"https:\/\/xolvento.com\/index.php\/wp-json\/wp\/v2\/users\/1"}],"replies":[{"embeddable":true,"href":"https:\/\/xolvento.com\/index.php\/wp-json\/wp\/v2\/comments?post=123"}],"version-history":[{"count":6,"href":"https:\/\/xolvento.com\/index.php\/wp-json\/wp\/v2\/pages\/123\/revisions"}],"predecessor-version":[{"id":1788,"href":"https:\/\/xolvento.com\/index.php\/wp-json\/wp\/v2\/pages\/123\/revisions\/1788"}],"wp:featuredmedia":[{"embeddable":true,"href":"https:\/\/xolvento.com\/index.php\/wp-json\/wp\/v2\/media\/361"}],"wp:attachment":[{"href":"https:\/\/xolvento.com\/index.php\/wp-json\/wp\/v2\/media?parent=123"}],"curies":[{"name":"wp","href":"https:\/\/api.w.org\/{rel}","templated":true}]}}