{"id":401,"date":"2017-10-05T13:34:21","date_gmt":"2017-10-05T18:34:21","guid":{"rendered":"http:\/\/xolvento.com\/?page_id=309"},"modified":"2021-08-03T20:28:20","modified_gmt":"2021-08-04T01:28:20","slug":"tratamiento-de-aguas-fisicoquimico-corrosion-incrustacion-bacteria-analisis-laboratorio-residuales-aguas","status":"publish","type":"page","link":"https:\/\/xolvento.com\/index.php\/tratamiento-de-aguas-fisicoquimico-corrosion-incrustacion-bacteria-analisis-laboratorio-residuales-aguas\/","title":{"rendered":"Tratamiento de Aguas"},"content":{"rendered":"<h3><span style=\"color: #0000ff;\">Tratamiento F\u00edsico qu\u00edmico de Aguas Industriales, Municipales y Residuales.<\/span><\/h3>\n<p><img fetchpriority=\"high\" decoding=\"async\" class=\"size-medium wp-image-316 aligncenter\" src=\"https:\/\/xolvento.com\/wp-content\/uploads\/2021\/07\/descarga-aguas-residuales-1-300x199.jpg\" alt=\"\" width=\"300\" height=\"199\" srcset=\"https:\/\/xolvento.com\/wp-content\/uploads\/2021\/07\/descarga-aguas-residuales-1-300x199.jpg 300w, https:\/\/xolvento.com\/wp-content\/uploads\/2021\/07\/descarga-aguas-residuales-1.jpg 342w\" sizes=\"(max-width: 300px) 100vw, 300px\" \/><\/p>\n<p><span style=\"color: #0000ff;\">Control de:<\/span><\/p>\n<ul>\n<li style=\"list-style-type: none;\">\n<ul>\n<li><a href=\"https:\/\/xolvento.com\/index.php\/corrosion\/\" rel=\"noopener\"><strong><span style=\"color: #0000ff;\">Corrosi\u00f3n<\/span><\/strong><\/a><\/li>\n<li><a href=\"https:\/\/xolvento.com\/index.php\/incrustacion\/\" rel=\"noopener\"><strong><span style=\"color: #0000ff;\">Incrustaci\u00f3n<\/span><\/strong><\/a><\/li>\n<li><a href=\"https:\/\/xolvento.com\/index.php\/bacteria\/\" rel=\"noopener\"><strong><span style=\"color: #0000ff;\">Bacteria<\/span><\/strong><\/a><\/li>\n<li><a href=\"https:\/\/xolvento.com\/index.php\/clarificacion\/\" rel=\"noopener\"><strong><span style=\"color: #0000ff;\">Clarificaci\u00f3n<\/span><\/strong><\/a><\/li>\n<li><a href=\"https:\/\/xolvento.com\/index.php\/demanda-quimica-y-bioquimica-de-oxigeno-dqo-dbo\/\" rel=\"noopener\"><strong><span style=\"color: #0000ff;\">DBO \/ DQO<\/span><\/strong><\/a><\/li>\n<li><strong><span style=\"color: #0000ff;\">Retrolavado de Filtros y Limpieza<\/span><\/strong><\/li>\n<li><strong style=\"font-size: 16px;\"><span style=\"color: #0000ff;\">etc&#8230;<\/span><\/strong><\/li>\n<\/ul>\n<\/li>\n<\/ul>\n\n\n<p><\/p>\n","protected":false},"excerpt":{"rendered":"<p>Tratamiento F\u00edsico qu\u00edmico de Aguas Industriales, Municipales y Residuales. Control de: Corrosi\u00f3n Incrustaci\u00f3n Bacteria Clarificaci\u00f3n DBO \/ DQO Retrolavado de Filtros y Limpieza etc&#8230;<\/p>\n","protected":false},"author":1,"featured_media":367,"parent":0,"menu_order":0,"comment_status":"closed","ping_status":"closed","template":"","meta":{"site-sidebar-layout":"default","site-content-layout":"default","ast-site-content-layout":"default","site-content-style":"default","site-sidebar-style":"default","ast-global-header-display":"","ast-banner-title-visibility":"","ast-main-header-display":"","ast-hfb-above-header-display":"","ast-hfb-below-header-display":"","ast-hfb-mobile-header-display":"","site-post-title":"","ast-breadcrumbs-content":"","ast-featured-img":"","footer-sml-layout":"","ast-disable-related-posts":"","theme-transparent-header-meta":"default","adv-header-id-meta":"","stick-header-meta":"","header-above-stick-meta":"","header-main-stick-meta":"","header-below-stick-meta":"","astra-migrate-meta-layouts":"default","ast-page-background-enabled":"default","ast-page-background-meta":{"desktop":{"background-color":"var(--ast-global-color-4)","background-image":"","background-repeat":"repeat","background-position":"center center","background-size":"auto","background-attachment":"scroll","background-type":"","background-media":"","overlay-type":"","overlay-color":"","overlay-opacity":"","overlay-gradient":""},"tablet":{"background-color":"","background-image":"","background-repeat":"repeat","background-position":"center center","background-size":"auto","background-attachment":"scroll","background-type":"","background-media":"","overlay-type":"","overlay-color":"","overlay-opacity":"","overlay-gradient":""},"mobile":{"background-color":"","background-image":"","background-repeat":"repeat","background-position":"center center","background-size":"auto","background-attachment":"scroll","background-type":"","background-media":"","overlay-type":"","overlay-color":"","overlay-opacity":"","overlay-gradient":""}},"ast-content-background-meta":{"desktop":{"background-color":"var(--ast-global-color-5)","background-image":"","background-repeat":"repeat","background-position":"center center","background-size":"auto","background-attachment":"scroll","background-type":"","background-media":"","overlay-type":"","overlay-color":"","overlay-opacity":"","overlay-gradient":""},"tablet":{"background-color":"var(--ast-global-color-5)","background-image":"","background-repeat":"repeat","background-position":"center center","background-size":"auto","background-attachment":"scroll","background-type":"","background-media":"","overlay-type":"","overlay-color":"","overlay-opacity":"","overlay-gradient":""},"mobile":{"background-color":"var(--ast-global-color-5)","background-image":"","background-repeat":"repeat","background-position":"center center","background-size":"auto","background-attachment":"scroll","background-type":"","background-media":"","overlay-type":"","overlay-color":"","overlay-opacity":"","overlay-gradient":""}},"footnotes":""},"class_list":["post-401","page","type-page","status-publish","has-post-thumbnail","hentry"],"aioseo_notices":[],"_links":{"self":[{"href":"https:\/\/xolvento.com\/index.php\/wp-json\/wp\/v2\/pages\/401","targetHints":{"allow":["GET"]}}],"collection":[{"href":"https:\/\/xolvento.com\/index.php\/wp-json\/wp\/v2\/pages"}],"about":[{"href":"https:\/\/xolvento.com\/index.php\/wp-json\/wp\/v2\/types\/page"}],"author":[{"embeddable":true,"href":"https:\/\/xolvento.com\/index.php\/wp-json\/wp\/v2\/users\/1"}],"replies":[{"embeddable":true,"href":"https:\/\/xolvento.com\/index.php\/wp-json\/wp\/v2\/comments?post=401"}],"version-history":[{"count":9,"href":"https:\/\/xolvento.com\/index.php\/wp-json\/wp\/v2\/pages\/401\/revisions"}],"predecessor-version":[{"id":1527,"href":"https:\/\/xolvento.com\/index.php\/wp-json\/wp\/v2\/pages\/401\/revisions\/1527"}],"wp:featuredmedia":[{"embeddable":true,"href":"https:\/\/xolvento.com\/index.php\/wp-json\/wp\/v2\/media\/367"}],"wp:attachment":[{"href":"https:\/\/xolvento.com\/index.php\/wp-json\/wp\/v2\/media?parent=401"}],"curies":[{"name":"wp","href":"https:\/\/api.w.org\/{rel}","templated":true}]}}