{"id":450,"date":"2017-11-08T11:43:26","date_gmt":"2017-11-08T17:43:26","guid":{"rendered":"http:\/\/xolvento.com\/?page_id=450"},"modified":"2026-02-11T12:51:22","modified_gmt":"2026-02-11T18:51:22","slug":"aviso-de-privacidad","status":"publish","type":"page","link":"https:\/\/xolvento.com\/index.php\/aviso-de-privacidad\/","title":{"rendered":"Aviso de Privacidad"},"content":{"rendered":"<h4 style=\"text-align: justify;\">Protecci\u00f3n de datos personales<\/h4>\n<p style=\"text-align: justify;\">Este Aviso describe la forma en que recabamos y usamos los datos personales que usted nos brinda, el uso\u00a0que ser\u00e1 el necesario, adecuado y relevante en relaci\u00f3n con las finalidades determinadas previstas en este\u00a0documento.<\/p>\n<address style=\"text-align: justify;\">Tambi\u00e9n describe qu\u00e9 tipo de datos son y que opciones tiene para limitar el uso de dichos datos, as\u00ed\u00a0como el procedimiento para ejercer sus\u00a0derechos ARCO (Acceso, Rectificaci\u00f3n,Cancelaci\u00f3n y Oposici\u00f3n), en cumplimiento a los principios de Licitud,\u00a0Consentimiento, Calidad, Informaci\u00f3n, Finalidad, Lealtad, Proporcionalidad y Responsabilidad que la\u00a0ley establece:<\/address>\n<p style=\"text-align: justify;\"><strong>1) Nuestro Compromiso de Protecci\u00f3n de Datos<\/strong><\/p>\n<ul style=\"text-align: justify;\">\n<li><strong>Correo electr\u00f3nico<\/strong>: <a href=\"mailto:cperez@xolvento.com\">cperez@xolvento.com<\/a><\/li>\n<li>Cuauht\u00e9moc P\u00e9rez Montes<\/li>\n<\/ul>\n<p style=\"text-align: justify;\">2)\u00a0<strong>\u00bfPara qu\u00e9 fines recabamos y utilizamos sus datos personales?<\/strong><\/p>\n<p style=\"text-align: justify;\">Sus datos personales ser\u00e1n utilizados para las siguientes finalidades:<\/p>\n<ul style=\"text-align: justify;\">\n<li>Proveer los productos solicitados.<\/li>\n<li>Proveer los servicios solicitados y\/o contratados.<\/li>\n<li>Responder a sus requerimientos de informaci\u00f3n, atenci\u00f3n y servicio.<\/li>\n<li>Evaluar la calidad del servicio que le brindamos.<\/li>\n<li>Archivo de registros y expediente de la relaci\u00f3n contractual para seguimiento de servicios futuros.<\/li>\n<li>Gesti\u00f3n financiera, facturaci\u00f3n y cobro.<\/li>\n<li>Dar cumplimiento a las obligaciones y compromisos que hemos contra\u00eddo con usted.<\/li>\n<\/ul>\n<p style=\"text-align: justify;\">Adicionalmente, sus datos personales podr\u00e1n ser utilizados para:<\/p>\n<ul style=\"text-align: justify;\">\n<li>Promoci\u00f3n y mercadeo de productos y servicios<\/li>\n<li>Elaborar estudios y programas que son necesarios para determinar h\u00e1bitos de uso y consumo.<\/li>\n<li>Ofrecerle nuevos productos y servicios a la medida de sus intereses y necesidades.<\/li>\n<li>Realizar evaluaciones peri\u00f3dicas de nuestros productos y servicios a efecto de mejorar la calidad de los mismos.<\/li>\n<li>Notificarle sobre nuevos servicios o productos que tengan relaci\u00f3n con los ya contratados o adquiridos.<\/li>\n<li>Boletines y comunicados sobre nuestra organizaci\u00f3n.<\/li>\n<\/ul>\n<p style=\"text-align: justify;\"><strong>3) \u00bfQu\u00e9 datos personales obtenemos y de d\u00f3nde?<\/strong><\/p>\n<p style=\"text-align: justify;\">Para las finalidades se\u00f1aladas anteriormente podemos recabar sus datos personales de distintas formas:<\/p>\n<ul style=\"text-align: justify;\">\n<li>Cuando visitemos su domicilio comercial<\/li>\n<li>Cuando le hagamos una entrevista personal<\/li>\n<li>Cuando visita nuestro sitio de Internet o utiliza nuestros servicios en l\u00ednea.<\/li>\n<li>Por tel\u00e9fono o fax.<\/li>\n<li>Cuando obtenemos informaci\u00f3n a trav\u00e9s de otras fuentes de acceso p\u00fablico que est\u00e1n permitidas por la ley\u00a0(Directorios telef\u00f3nicos o laborales, sitios web, etc).<\/li>\n<\/ul>\n<p style=\"text-align: justify;\"><strong>Datos personales que recabamos<\/strong><\/p>\n<ul style=\"text-align: justify;\">\n<li>Informaci\u00f3n de contacto (Nombre, Email, Direcci\u00f3n, Tel\u00e9fono, Celular)<\/li>\n<li>Datos del mercado\u00a0 (marcas, vol\u00famenes de comercializaci\u00f3n segmentados)<\/li>\n<li>Informaci\u00f3n Fiscal (RFC, Direcci\u00f3n de Facturaci\u00f3n)<\/li>\n<li>Identificaci\u00f3n en Redes Sociales (Facebook, Twitter, Linkedin, Google+)<\/li>\n<\/ul>\n<p style=\"text-align: justify;\"><strong>Uso de cookies, web beacons y JavaScript<\/strong><\/p>\n<p style=\"text-align: justify;\">Una cookie es informaci\u00f3n que un sitio web almacena en su computadora mediante el uso de un navegador o\u00a0explorador de internet. Una cookie permite que los sitios web registren sus actividades de navegaci\u00f3n en\u00a0internet \u2013 como por ejemplo, cu\u00e1les son las p\u00e1ginas y contenidos que estuvo mirando, cu\u00e1ndo los visit\u00f3, qu\u00e9\u00a0busc\u00f3, y si usted hizo clic sobre alg\u00fan recurso. Los datos recolectados por las cookies se pueden combinar para\u00a0crear un perfil de sus actividades en internet.<\/p>\n<p style=\"text-align: justify;\">Las web beacons en conjunto con los JavaScripts de m\u00e9tricas web permiten almacenar informaci\u00f3n sobre los\u00a0patrones de uso de nuestro sitio web. Le informamos que utilizamos esas herramientas para obtener informaci\u00f3n\u00a0estad\u00edstica como la siguiente:<\/p>\n<p style=\"text-align: justify;\">Tipo de navegador y sistema operativo, las p\u00e1ginas de Internet consultadas, origen de la visita, la direcci\u00f3n IP de\u00a0acceso, tiempo de permanencia en nuestro sitio, entre otros datos estad\u00edsticos.<\/p>\n<p style=\"text-align: justify;\">Las cookies, el JavaScript y otras tecnolog\u00edas de seguimiento y rastreo pueden ser deshabilitadas, sin embargo,\u00a0desactivarlas puede generar que el sitio web o algunas de sus funcionalidades no se desempe\u00f1en\u00a0adecuadamente.\u00a0Para revisar las configuraciones y en su caso deshabilitarlas, use la pesta\u00f1a \u2018Ayuda\u2019 (Help), o busque en\u00a0\u2018Herramientas\u2019 (Tools) la configuraci\u00f3n de \u2018Opciones\u2019 (Options) o \u2018Privacidad\u2019 (Privacy) de su navegador. Desde\u00a0all\u00ed, puede eliminar las cookies, o controlar en qu\u00e9 caso usted permite instalarlas. Hay algunos navegadores que\u00a0permiten instalar herramientas software complementarias (add-on software tools) para bloquear, eliminar o\u00a0controlar las cookies. Y generalmente, los programas de seguridad incluyen opciones para facilitar el control de\u00a0las cookies.<\/p>\n<p style=\"text-align: justify;\"><strong>4) \u00bfC\u00f3mo Acceder, Rectificar, Cancelar u Oponerse al uso y\u00a0tratamiento de sus datos personales (<\/strong>Derechos ARCO<strong>)?<\/strong><\/p>\n<p style=\"text-align: justify;\">Usted tiene derecho constitucional de Acceder y conocer los datos personales que poseemos y a los detalles del\u00a0tratamiento y uso de los mismos, as\u00ed como a Rectificarlos y corregirlos en caso de ser inexactos o incompletos;\u00a0Cancelarlos y eliminarlos cuando considere que no se requieren para alguna de las finalidades se\u00f1alados en el\u00a0presente aviso de privacidad, o que est\u00e9n siendo utilizados para finalidades no autorizadas por usted o haya\u00a0finalizado la relaci\u00f3n jur\u00eddica o de servicio, o bien, Oponerse al tratamiento de los mismos para fines espec\u00edficos.<\/p>\n<p style=\"text-align: justify;\">Los mecanismos implementados para el ejercicio de sus\u00a0Derechos ARCO, as\u00ed como los plazos, informaci\u00f3n y\u00a0documentaci\u00f3n que debe contener su solicitud se especifican en el apartado de Derechos del Titular (10)\u00a0localizado en este mismo documento.<\/p>\n<p style=\"text-align: justify;\"><strong>5) \u00bfC\u00f3mo puede limitar el uso o divulgaci\u00f3n de sus datos personales?<\/strong><\/p>\n<p style=\"text-align: justify;\">Si usted no desea recibir mensajes de nuestra parte que no sean indispensables para cumplir las\u00a0finalidades se\u00f1aladas, los mecanismos implementados para ello, as\u00ed como los plazos, informaci\u00f3n y\u00a0documentaci\u00f3n que debe contener su solicitud se especifican en el apartado de Derechos del Titular (10)\u00a0localizado en este mismo documento.<\/p>\n<p style=\"text-align: justify;\"><strong>6) \u00bfC\u00f3mo revocar el consentimiento para el tratamiento de sus\u00a0datos personales?<\/strong><\/p>\n<p style=\"text-align: justify;\">Si usted desea revocar el consentimiento que nos otorg\u00f3 para el uso de sus datos personales, los\u00a0mecanismos implementados para ello as\u00ed como los plazos, informaci\u00f3n y documentaci\u00f3n que debe contener su\u00a0solicitud se especifican en el apartado de Derechos del Titular (10) localizado en este mismo documento.<\/p>\n<p style=\"text-align: justify;\"><strong>7) Transferencia de datos personales<\/strong><\/p>\n<p style=\"text-align: justify;\">A continuaci\u00f3n le comunicamos que las siguientes transferencias no requieren de su consentimiento, pero la\u00a0ley exige que le sean informadas.<\/p>\n<p style=\"text-align: justify;\">En este sentido sus datos personales podr\u00e1n ser compartidos a:<\/p>\n<ul style=\"text-align: justify;\">\n<li>Sociedades del mismo grupo del responsable que opere bajo los mismos procesos y pol\u00edticas internas.\u00a0(Sociedades controladoras, subsidiarias, afiliadas, franquicias), para dar cumplimiento a la relaci\u00f3n jur\u00eddica\u00a0adquirida con el Titular.<\/li>\n<li>Entidades del sector p\u00fablico, para dar cumplimiento a la legislaci\u00f3n vigente, as\u00ed como a la relaci\u00f3n jur\u00eddica con\u00a0el Titular.<\/li>\n<li>Entidades p\u00fablicas dedicadas a la prestaci\u00f3n de diagn\u00f3stico m\u00e9dico, prestaci\u00f3n de asistencia sanitaria,\u00a0tratamiento m\u00e9dico o gesti\u00f3n de servicios sanitarios (Hospitales, m\u00e9dicos, laboratorios), para llevar a cabo todas\u00a0las gestiones necesarias en caso de emergencia m\u00e9dica.<\/li>\n<\/ul>\n<p style=\"text-align: justify;\"><strong>8) Modificaciones al aviso de privacidad<\/strong><\/p>\n<p style=\"text-align: justify;\">Nos reservamos el derecho de efectuar en cualquier momento modificaciones al presente Aviso de Privacidad,\u00a0para la atenci\u00f3n de novedades legislativas, pol\u00edticas internas o nuevos requerimientos para cumplir con las\u00a0finalidades previstas. Estas modificaciones estar\u00e1n disponibles a los Titulares en la direcci\u00f3n web:\u00a0 <a href=\"https:\/\/snt.transparencia.gob.mx\/\" target=\"_blank\" rel=\"noopener\">https:\/\/snt.transparencia.gob.mx\/<\/a><\/p>\n<p style=\"text-align: justify;\"><strong>9) \u00bfAnte qui\u00e9n puede presentar sus quejas o denuncias por el\u00a0tratamiento indebido de sus datos personales?<\/strong><\/p>\n<p style=\"text-align: justify;\">Si despu\u00e9s de haber ejercido sus Derechos de Protecci\u00f3n de\u00a0Datos ante Cuauht\u00e9moc P\u00e9rez Montes y\/o <span style=\"color: #993300;\"><strong>Xolvento<\/strong><\/span> [Consultor\u00eda y Servicios de Ingenier\u00eda], por medio de los mecanismos establecidos en este Aviso de Privacidad, considera que su derecho de protecci\u00f3n de datos personales ha sido lesionado por alguna conducta u omisi\u00f3n de nuestra parte; o cuenta con evidencia de que en el tratamiento de sus datos personales existe alguna violaci\u00f3n a las disposiciones previstas en la Ley Federal de protecci\u00f3n de Datos Personales (LFPDPPP ), le invitamos a ponerse en contacto nuevamente con nosotros para agotar todos los procedimientos internos a efecto de satisfacer plenamente su solicitud. De no ser el caso, usted podr\u00e1 interponer la queja correspondiente ante el Sistema Nacional de Transparencia (SNT). Para mayor informaci\u00f3n visite<strong>: <\/strong><a href=\"https:\/\/snt.transparencia.gob.mx\/\" target=\"_blank\" rel=\"noopener\"><strong>https:\/\/snt.transparencia.gob.mx\/<\/strong><\/a><\/p>\n<p style=\"text-align: justify;\">\n","protected":false},"excerpt":{"rendered":"<p>Protecci\u00f3n de datos personales Este Aviso describe la forma en que recabamos y usamos los datos personales que usted nos brinda, el uso\u00a0que ser\u00e1 el necesario, adecuado y relevante en relaci\u00f3n con las finalidades determinadas previstas en este\u00a0documento. Tambi\u00e9n describe qu\u00e9 tipo de datos son y que opciones tiene para limitar el uso de dichos [&hellip;]<\/p>\n","protected":false},"author":1,"featured_media":0,"parent":0,"menu_order":0,"comment_status":"closed","ping_status":"closed","template":"","meta":{"site-sidebar-layout":"default","site-content-layout":"default","ast-site-content-layout":"default","site-content-style":"default","site-sidebar-style":"default","ast-global-header-display":"","ast-banner-title-visibility":"","ast-main-header-display":"","ast-hfb-above-header-display":"","ast-hfb-below-header-display":"","ast-hfb-mobile-header-display":"","site-post-title":"","ast-breadcrumbs-content":"","ast-featured-img":"","footer-sml-layout":"","ast-disable-related-posts":"","theme-transparent-header-meta":"default","adv-header-id-meta":"","stick-header-meta":"","header-above-stick-meta":"","header-main-stick-meta":"","header-below-stick-meta":"","astra-migrate-meta-layouts":"set","ast-page-background-enabled":"default","ast-page-background-meta":{"desktop":{"background-color":"var(--ast-global-color-4)","background-image":"","background-repeat":"repeat","background-position":"center center","background-size":"auto","background-attachment":"scroll","background-type":"","background-media":"","overlay-type":"","overlay-color":"","overlay-opacity":"","overlay-gradient":""},"tablet":{"background-color":"","background-image":"","background-repeat":"repeat","background-position":"center center","background-size":"auto","background-attachment":"scroll","background-type":"","background-media":"","overlay-type":"","overlay-color":"","overlay-opacity":"","overlay-gradient":""},"mobile":{"background-color":"","background-image":"","background-repeat":"repeat","background-position":"center center","background-size":"auto","background-attachment":"scroll","background-type":"","background-media":"","overlay-type":"","overlay-color":"","overlay-opacity":"","overlay-gradient":""}},"ast-content-background-meta":{"desktop":{"background-color":"var(--ast-global-color-5)","background-image":"","background-repeat":"repeat","background-position":"center center","background-size":"auto","background-attachment":"scroll","background-type":"","background-media":"","overlay-type":"","overlay-color":"","overlay-opacity":"","overlay-gradient":""},"tablet":{"background-color":"var(--ast-global-color-5)","background-image":"","background-repeat":"repeat","background-position":"center center","background-size":"auto","background-attachment":"scroll","background-type":"","background-media":"","overlay-type":"","overlay-color":"","overlay-opacity":"","overlay-gradient":""},"mobile":{"background-color":"var(--ast-global-color-5)","background-image":"","background-repeat":"repeat","background-position":"center center","background-size":"auto","background-attachment":"scroll","background-type":"","background-media":"","overlay-type":"","overlay-color":"","overlay-opacity":"","overlay-gradient":""}},"footnotes":""},"class_list":["post-450","page","type-page","status-publish","hentry"],"aioseo_notices":[],"_links":{"self":[{"href":"https:\/\/xolvento.com\/index.php\/wp-json\/wp\/v2\/pages\/450","targetHints":{"allow":["GET"]}}],"collection":[{"href":"https:\/\/xolvento.com\/index.php\/wp-json\/wp\/v2\/pages"}],"about":[{"href":"https:\/\/xolvento.com\/index.php\/wp-json\/wp\/v2\/types\/page"}],"author":[{"embeddable":true,"href":"https:\/\/xolvento.com\/index.php\/wp-json\/wp\/v2\/users\/1"}],"replies":[{"embeddable":true,"href":"https:\/\/xolvento.com\/index.php\/wp-json\/wp\/v2\/comments?post=450"}],"version-history":[{"count":7,"href":"https:\/\/xolvento.com\/index.php\/wp-json\/wp\/v2\/pages\/450\/revisions"}],"predecessor-version":[{"id":1909,"href":"https:\/\/xolvento.com\/index.php\/wp-json\/wp\/v2\/pages\/450\/revisions\/1909"}],"wp:attachment":[{"href":"https:\/\/xolvento.com\/index.php\/wp-json\/wp\/v2\/media?parent=450"}],"curies":[{"name":"wp","href":"https:\/\/api.w.org\/{rel}","templated":true}]}}