{"id":567,"date":"2017-12-13T13:35:06","date_gmt":"2017-12-13T19:35:06","guid":{"rendered":"http:\/\/xolvento.com\/?page_id=567"},"modified":"2021-08-03T19:45:30","modified_gmt":"2021-08-04T00:45:30","slug":"clarificacion","status":"publish","type":"page","link":"https:\/\/xolvento.com\/index.php\/clarificacion\/","title":{"rendered":"Clarificaci\u00f3n"},"content":{"rendered":"<header class=\"entry-content-header\">\n<h4 class=\"post-title entry-title\">\u00a0La <strong style=\"font-size: 16px;\">Clarificaci\u00f3n de aguas<\/strong><span style=\"font-size: 16px;\">\u00a0es una operaci\u00f3n de suma importancia en el medio industrial. Toda la industria requiere grandes vol\u00famenes de agua para sus operaciones y\u00a0 todos los gobiernos cuentan con legislaci\u00f3n que exige su tratamiento integral y\u00a0el de Clarificaci\u00f3n representa la primera y m\u00e1s importante etapa en el proceso.<\/span><\/h4>\n<\/header>\n<div class=\"entry-content\">\n<p>Dado que el agua dulce y limpia es un recurso cada vez m\u00e1s escaso, se convierte en prioritario su tratamiento.<\/p>\n<p>La Clarificaci\u00f3n, consiste b\u00e1sicamente en eliminar la turbiedad<span id=\"more-5356\"><\/span><\/p>\n<p>Esta turbiedad es el resultado de part\u00edculas muy peque\u00f1as denominadas coloides, que permanecen en suspensi\u00f3n en el agua durante bastante tiempo y que adem\u00e1s pueden atravesar medios filtrantes realmente finos; Adem\u00e1s, estas part\u00edculas presentan la peculiaridad de no aproximarse entre s\u00ed, con lo cual se hace bastante dif\u00edcil su limpieza.<\/p>\n<p>En <span style=\"color: #993300;\"><strong>Xolvento<\/strong><\/span>, Clarificamos las aguas mediante la adici\u00f3n de nuestros productos FlocXOL,<\/p>\n<p>Nuestros <a href=\"https:\/\/xolvento.com\/wp-content\/uploads\/2021\/07\/xolvento-hoja-tecnica-floxol_tc098-1.pdf\" target=\"_blank\" rel=\"noopener\">FlocXOL<\/a>, modifican el estado f\u00edsico de estas sustancias coloidales, inducen a que se unan entre si, formando grumos (Fl\u00f3culos) y los convierten en part\u00edculas susceptibles de precipitar o sobrenadar, propiciando as\u00ed, su confinamiento y extracci\u00f3n del medio<\/p>\n<p>Para que la clarificaci\u00f3n de aguas con floculante sea un \u00e9xito, se debe confiar en nuestra Tecnolg\u00eda <a href=\"https:\/\/xolvento.com\/wp-content\/uploads\/2021\/07\/xolvento-hoja-tecnica-floxol_tc098-1.pdf\" target=\"_blank\" rel=\"noopener\">FlocXOL<\/a><\/p>\n<\/div>\n","protected":false},"excerpt":{"rendered":"<p>\u00a0La Clarificaci\u00f3n de aguas\u00a0es una operaci\u00f3n de suma importancia en el medio industrial. Toda la industria requiere grandes vol\u00famenes de agua para sus operaciones y\u00a0 todos los gobiernos cuentan con legislaci\u00f3n que exige su tratamiento integral y\u00a0el de Clarificaci\u00f3n representa la primera y m\u00e1s importante etapa en el proceso. Dado que el agua dulce y [&hellip;]<\/p>\n","protected":false},"author":1,"featured_media":367,"parent":0,"menu_order":0,"comment_status":"closed","ping_status":"closed","template":"","meta":{"site-sidebar-layout":"default","site-content-layout":"default","ast-site-content-layout":"default","site-content-style":"default","site-sidebar-style":"default","ast-global-header-display":"","ast-banner-title-visibility":"","ast-main-header-display":"","ast-hfb-above-header-display":"","ast-hfb-below-header-display":"","ast-hfb-mobile-header-display":"","site-post-title":"","ast-breadcrumbs-content":"","ast-featured-img":"","footer-sml-layout":"","ast-disable-related-posts":"","theme-transparent-header-meta":"default","adv-header-id-meta":"","stick-header-meta":"","header-above-stick-meta":"","header-main-stick-meta":"","header-below-stick-meta":"","astra-migrate-meta-layouts":"default","ast-page-background-enabled":"default","ast-page-background-meta":{"desktop":{"background-color":"var(--ast-global-color-4)","background-image":"","background-repeat":"repeat","background-position":"center center","background-size":"auto","background-attachment":"scroll","background-type":"","background-media":"","overlay-type":"","overlay-color":"","overlay-opacity":"","overlay-gradient":""},"tablet":{"background-color":"","background-image":"","background-repeat":"repeat","background-position":"center center","background-size":"auto","background-attachment":"scroll","background-type":"","background-media":"","overlay-type":"","overlay-color":"","overlay-opacity":"","overlay-gradient":""},"mobile":{"background-color":"","background-image":"","background-repeat":"repeat","background-position":"center center","background-size":"auto","background-attachment":"scroll","background-type":"","background-media":"","overlay-type":"","overlay-color":"","overlay-opacity":"","overlay-gradient":""}},"ast-content-background-meta":{"desktop":{"background-color":"var(--ast-global-color-5)","background-image":"","background-repeat":"repeat","background-position":"center center","background-size":"auto","background-attachment":"scroll","background-type":"","background-media":"","overlay-type":"","overlay-color":"","overlay-opacity":"","overlay-gradient":""},"tablet":{"background-color":"var(--ast-global-color-5)","background-image":"","background-repeat":"repeat","background-position":"center center","background-size":"auto","background-attachment":"scroll","background-type":"","background-media":"","overlay-type":"","overlay-color":"","overlay-opacity":"","overlay-gradient":""},"mobile":{"background-color":"var(--ast-global-color-5)","background-image":"","background-repeat":"repeat","background-position":"center center","background-size":"auto","background-attachment":"scroll","background-type":"","background-media":"","overlay-type":"","overlay-color":"","overlay-opacity":"","overlay-gradient":""}},"footnotes":""},"class_list":["post-567","page","type-page","status-publish","has-post-thumbnail","hentry"],"aioseo_notices":[],"_links":{"self":[{"href":"https:\/\/xolvento.com\/index.php\/wp-json\/wp\/v2\/pages\/567","targetHints":{"allow":["GET"]}}],"collection":[{"href":"https:\/\/xolvento.com\/index.php\/wp-json\/wp\/v2\/pages"}],"about":[{"href":"https:\/\/xolvento.com\/index.php\/wp-json\/wp\/v2\/types\/page"}],"author":[{"embeddable":true,"href":"https:\/\/xolvento.com\/index.php\/wp-json\/wp\/v2\/users\/1"}],"replies":[{"embeddable":true,"href":"https:\/\/xolvento.com\/index.php\/wp-json\/wp\/v2\/comments?post=567"}],"version-history":[{"count":3,"href":"https:\/\/xolvento.com\/index.php\/wp-json\/wp\/v2\/pages\/567\/revisions"}],"predecessor-version":[{"id":1516,"href":"https:\/\/xolvento.com\/index.php\/wp-json\/wp\/v2\/pages\/567\/revisions\/1516"}],"wp:featuredmedia":[{"embeddable":true,"href":"https:\/\/xolvento.com\/index.php\/wp-json\/wp\/v2\/media\/367"}],"wp:attachment":[{"href":"https:\/\/xolvento.com\/index.php\/wp-json\/wp\/v2\/media?parent=567"}],"curies":[{"name":"wp","href":"https:\/\/api.w.org\/{rel}","templated":true}]}}