{"id":569,"date":"2017-12-13T13:42:22","date_gmt":"2017-12-13T19:42:22","guid":{"rendered":"http:\/\/xolvento.com\/?page_id=569"},"modified":"2021-08-03T19:43:23","modified_gmt":"2021-08-04T00:43:23","slug":"incrustacion","status":"publish","type":"page","link":"https:\/\/xolvento.com\/index.php\/incrustacion\/","title":{"rendered":"Incrustaci\u00f3n"},"content":{"rendered":"<p>La incrustaci\u00f3n dentro de\u00a0 tuber\u00edas y otros equipos de proceso, se puede llegar a convertir en un serio problema de operaci\u00f3n y seguridad.<\/p>\n<p>Los dep\u00f3sitos incrustantes pueden ser org\u00e1nicos y\/o inorg\u00e1nicos.<\/p>\n<p>Al igual que con la <a href=\"https:\/\/xolvento.com\/corrosion\/\">Corrosi\u00f3n<\/a>, en <span style=\"color: #993300;\"><strong>Xolvento\u00a0<\/strong><\/span>buscamos siempre prevenir la formaci\u00f3n de dep\u00f3sitos incrustantes. Cuando el problema es manifiesto, contamos tambi\u00e9n con una soluci\u00f3n para remover tapones de incrustantes sin da\u00f1ar el acero de los medios de transporte y de proceso.<\/p>\n<p><span style=\"font-size: 16px;\">En <span style=\"color: #993300;\"><strong>Xolvento<\/strong><\/span> \u00a0contamos con una extensa l\u00ednea de mezclas de sales Fosfatadas base\u00a0 Na y K, Los cuales secuestran minerales de Fe, Mn y Ca. Nuestra tecnolog\u00eda a base de Polifosfatos, consigue formar una estructura anular alrededor de la mol\u00e9cula de Calcio para crear compuestos que son resistentes a la oxidaci\u00f3n y precipitaci\u00f3n. Los polifosfatos de <span style=\"color: #993300;\"><strong>Xolvento<\/strong><\/span> \u00a0forman mezclas muy estables y mantienen al mineral en soluci\u00f3n durante periodos m\u00e1s largos de tiempo y en condiciones muy variables de operaci\u00f3n en los sistemas de tratamiento. Nuestros productos,\u00a0 inhiben la formaci\u00f3n de Incrustaciones y de Turbidez en los sistemas de tratamiento, disminuyen la demanda de Cl, optimizan los programas de prevenci\u00f3n de la Corrosi\u00f3n, dando con todo esto, un gran beneficio econ\u00f3mico a nuestro Cliente!.<\/span><\/p>\n<p>En <span style=\"color: #993300;\"><strong>Xolvento<\/strong><\/span> \u00a0trabajamos\u00a0 para evaluar la calidad del agua, la operaci\u00f3n de los sistemas\u00a0 y proponer soluciones de tratamiento integrales para todo tipo de aguas y sistemas de Clarificaci\u00f3n.<\/p>\n<p>Nuestros tratamiento de control de Incrustaciones, est\u00e1n respaldados en todo momento y hasta su consumo final, por nuestros de Servicio t\u00e9cnico en laboratorio\u00a0 y campo.<\/p>\n<p>Nuestra l\u00ednea de productos para prevenir incrustaciones inorg\u00e1nicas:<\/p>\n<ul>\n<li><a href=\"https:\/\/xolvento.com\/wp-content\/uploads\/2021\/07\/xolvento-hoja-tecnica-watxol_342-1.pdf\" target=\"_blank\" rel=\"noopener\">WatXOL<\/a> mezcla de Fosfonatos<\/li>\n<\/ul>\n<p>Nuestra l\u00ednea de productos para prevenir incrustaciones org\u00e1nicas:<\/p>\n<ul>\n<li>WatorXOl\u00a0 \u00a0mezcla HCs alif\u00e1ticos y paraf\u00ednicos<\/li>\n<\/ul>\n\n\n<p><\/p>\n","protected":false},"excerpt":{"rendered":"<p>La incrustaci\u00f3n dentro de\u00a0 tuber\u00edas y otros equipos de proceso, se puede llegar a convertir en un serio problema de operaci\u00f3n y seguridad. Los dep\u00f3sitos incrustantes pueden ser org\u00e1nicos y\/o inorg\u00e1nicos. Al igual que con la Corrosi\u00f3n, en Xolvento\u00a0buscamos siempre prevenir la formaci\u00f3n de dep\u00f3sitos incrustantes. Cuando el problema es manifiesto, contamos tambi\u00e9n con una [&hellip;]<\/p>\n","protected":false},"author":1,"featured_media":648,"parent":0,"menu_order":0,"comment_status":"closed","ping_status":"closed","template":"","meta":{"site-sidebar-layout":"default","site-content-layout":"default","ast-site-content-layout":"default","site-content-style":"default","site-sidebar-style":"default","ast-global-header-display":"","ast-banner-title-visibility":"","ast-main-header-display":"","ast-hfb-above-header-display":"","ast-hfb-below-header-display":"","ast-hfb-mobile-header-display":"","site-post-title":"","ast-breadcrumbs-content":"","ast-featured-img":"","footer-sml-layout":"","ast-disable-related-posts":"","theme-transparent-header-meta":"default","adv-header-id-meta":"","stick-header-meta":"","header-above-stick-meta":"","header-main-stick-meta":"","header-below-stick-meta":"","astra-migrate-meta-layouts":"default","ast-page-background-enabled":"default","ast-page-background-meta":{"desktop":{"background-color":"var(--ast-global-color-4)","background-image":"","background-repeat":"repeat","background-position":"center center","background-size":"auto","background-attachment":"scroll","background-type":"","background-media":"","overlay-type":"","overlay-color":"","overlay-opacity":"","overlay-gradient":""},"tablet":{"background-color":"","background-image":"","background-repeat":"repeat","background-position":"center center","background-size":"auto","background-attachment":"scroll","background-type":"","background-media":"","overlay-type":"","overlay-color":"","overlay-opacity":"","overlay-gradient":""},"mobile":{"background-color":"","background-image":"","background-repeat":"repeat","background-position":"center center","background-size":"auto","background-attachment":"scroll","background-type":"","background-media":"","overlay-type":"","overlay-color":"","overlay-opacity":"","overlay-gradient":""}},"ast-content-background-meta":{"desktop":{"background-color":"var(--ast-global-color-5)","background-image":"","background-repeat":"repeat","background-position":"center center","background-size":"auto","background-attachment":"scroll","background-type":"","background-media":"","overlay-type":"","overlay-color":"","overlay-opacity":"","overlay-gradient":""},"tablet":{"background-color":"var(--ast-global-color-5)","background-image":"","background-repeat":"repeat","background-position":"center center","background-size":"auto","background-attachment":"scroll","background-type":"","background-media":"","overlay-type":"","overlay-color":"","overlay-opacity":"","overlay-gradient":""},"mobile":{"background-color":"var(--ast-global-color-5)","background-image":"","background-repeat":"repeat","background-position":"center center","background-size":"auto","background-attachment":"scroll","background-type":"","background-media":"","overlay-type":"","overlay-color":"","overlay-opacity":"","overlay-gradient":""}},"footnotes":""},"class_list":["post-569","page","type-page","status-publish","has-post-thumbnail","hentry"],"aioseo_notices":[],"_links":{"self":[{"href":"https:\/\/xolvento.com\/index.php\/wp-json\/wp\/v2\/pages\/569","targetHints":{"allow":["GET"]}}],"collection":[{"href":"https:\/\/xolvento.com\/index.php\/wp-json\/wp\/v2\/pages"}],"about":[{"href":"https:\/\/xolvento.com\/index.php\/wp-json\/wp\/v2\/types\/page"}],"author":[{"embeddable":true,"href":"https:\/\/xolvento.com\/index.php\/wp-json\/wp\/v2\/users\/1"}],"replies":[{"embeddable":true,"href":"https:\/\/xolvento.com\/index.php\/wp-json\/wp\/v2\/comments?post=569"}],"version-history":[{"count":1,"href":"https:\/\/xolvento.com\/index.php\/wp-json\/wp\/v2\/pages\/569\/revisions"}],"predecessor-version":[{"id":1515,"href":"https:\/\/xolvento.com\/index.php\/wp-json\/wp\/v2\/pages\/569\/revisions\/1515"}],"wp:featuredmedia":[{"embeddable":true,"href":"https:\/\/xolvento.com\/index.php\/wp-json\/"}],"wp:attachment":[{"href":"https:\/\/xolvento.com\/index.php\/wp-json\/wp\/v2\/media?parent=569"}],"curies":[{"name":"wp","href":"https:\/\/api.w.org\/{rel}","templated":true}]}}