{"id":573,"date":"2017-12-14T13:50:12","date_gmt":"2017-12-14T19:50:12","guid":{"rendered":"http:\/\/xolvento.com\/?page_id=573"},"modified":"2021-08-17T11:56:10","modified_gmt":"2021-08-17T16:56:10","slug":"demanda-quimica-y-bioquimica-de-oxigeno-dqo-dbo","status":"publish","type":"page","link":"https:\/\/xolvento.com\/index.php\/demanda-quimica-y-bioquimica-de-oxigeno-dqo-dbo\/","title":{"rendered":"Demanda Qu\u00edmica y Bioqu\u00edmica de Ox\u00edgeno (DQO \/ DBO)"},"content":{"rendered":"<p><span style=\"color: #000000;\">Los t\u00e9rminos DBO y DQO representan dos par\u00e1metros muy importantes en an\u00e1lisis de aguas, que nos permiten evaluar\u00a0 la concentraci\u00f3n\u00a0 de materia org\u00e1nica existente y su grado de contaminaci\u00f3n<\/span><\/p>\n<p><span style=\"color: #000000;\">La <strong>D<\/strong>emanda <strong>Q<\/strong>u\u00edmica de<strong> O<\/strong>x\u00edgeno (<strong>DQO<\/strong>) es la cantidad de Ox\u00edgeno necesaria para oxidar qu\u00edmicamente toda la materia org\u00e1nica que se pueda encontrar presente en una muestra.<\/span><\/p>\n<p><span style=\"color: #000000;\">La <strong>D<\/strong>emanda <strong>B<\/strong>ioqu\u00edmica de <strong>O<\/strong>x\u00edgeno (<strong>DBO<\/strong>) es la cantidad de Ox\u00edgeno que requieren los microorganismos para degradar totalmente la materia org\u00e1nica biodegradable que se encuentre en la muestra.<\/span><\/p>\n<p><span style=\"color: #000000;\">En <strong><span style=\"color: #993300;\">Xolvento<\/span><\/strong>, contamos con\u00a0coagul<\/span>antes\/floculantes\u00a0 y Alguicidas bacteriost\u00e1ticos base c\u00faprica, <a href=\"https:\/\/xolvento.com\/wp-content\/uploads\/2021\/07\/xolvento-hoja-tecnica-bactoxol_45-1.pdf\">BactoXOL<\/a>; que adem\u00e1s de eliminar las part\u00edculas en suspensi\u00f3n, consiguen disminuciones muy significativas de DBO y de DQO que permiten cumplir la normativa de vertido para la mayor\u00eda de aguas residuales.<\/p>\n","protected":false},"excerpt":{"rendered":"<p>Los t\u00e9rminos DBO y DQO representan dos par\u00e1metros muy importantes en an\u00e1lisis de aguas, que nos permiten evaluar\u00a0 la concentraci\u00f3n\u00a0 de materia org\u00e1nica existente y su grado de contaminaci\u00f3n La Demanda Qu\u00edmica de Ox\u00edgeno (DQO) es la cantidad de Ox\u00edgeno necesaria para oxidar qu\u00edmicamente toda la materia org\u00e1nica que se pueda encontrar presente en una [&hellip;]<\/p>\n","protected":false},"author":1,"featured_media":354,"parent":0,"menu_order":0,"comment_status":"closed","ping_status":"closed","template":"","meta":{"site-sidebar-layout":"default","site-content-layout":"default","ast-site-content-layout":"default","site-content-style":"default","site-sidebar-style":"default","ast-global-header-display":"","ast-banner-title-visibility":"","ast-main-header-display":"","ast-hfb-above-header-display":"","ast-hfb-below-header-display":"","ast-hfb-mobile-header-display":"","site-post-title":"","ast-breadcrumbs-content":"","ast-featured-img":"","footer-sml-layout":"","ast-disable-related-posts":"","theme-transparent-header-meta":"default","adv-header-id-meta":"","stick-header-meta":"","header-above-stick-meta":"","header-main-stick-meta":"","header-below-stick-meta":"","astra-migrate-meta-layouts":"default","ast-page-background-enabled":"default","ast-page-background-meta":{"desktop":{"background-color":"var(--ast-global-color-4)","background-image":"","background-repeat":"repeat","background-position":"center center","background-size":"auto","background-attachment":"scroll","background-type":"","background-media":"","overlay-type":"","overlay-color":"","overlay-opacity":"","overlay-gradient":""},"tablet":{"background-color":"","background-image":"","background-repeat":"repeat","background-position":"center center","background-size":"auto","background-attachment":"scroll","background-type":"","background-media":"","overlay-type":"","overlay-color":"","overlay-opacity":"","overlay-gradient":""},"mobile":{"background-color":"","background-image":"","background-repeat":"repeat","background-position":"center center","background-size":"auto","background-attachment":"scroll","background-type":"","background-media":"","overlay-type":"","overlay-color":"","overlay-opacity":"","overlay-gradient":""}},"ast-content-background-meta":{"desktop":{"background-color":"var(--ast-global-color-5)","background-image":"","background-repeat":"repeat","background-position":"center center","background-size":"auto","background-attachment":"scroll","background-type":"","background-media":"","overlay-type":"","overlay-color":"","overlay-opacity":"","overlay-gradient":""},"tablet":{"background-color":"var(--ast-global-color-5)","background-image":"","background-repeat":"repeat","background-position":"center center","background-size":"auto","background-attachment":"scroll","background-type":"","background-media":"","overlay-type":"","overlay-color":"","overlay-opacity":"","overlay-gradient":""},"mobile":{"background-color":"var(--ast-global-color-5)","background-image":"","background-repeat":"repeat","background-position":"center center","background-size":"auto","background-attachment":"scroll","background-type":"","background-media":"","overlay-type":"","overlay-color":"","overlay-opacity":"","overlay-gradient":""}},"footnotes":""},"class_list":["post-573","page","type-page","status-publish","has-post-thumbnail","hentry"],"aioseo_notices":[],"_links":{"self":[{"href":"https:\/\/xolvento.com\/index.php\/wp-json\/wp\/v2\/pages\/573","targetHints":{"allow":["GET"]}}],"collection":[{"href":"https:\/\/xolvento.com\/index.php\/wp-json\/wp\/v2\/pages"}],"about":[{"href":"https:\/\/xolvento.com\/index.php\/wp-json\/wp\/v2\/types\/page"}],"author":[{"embeddable":true,"href":"https:\/\/xolvento.com\/index.php\/wp-json\/wp\/v2\/users\/1"}],"replies":[{"embeddable":true,"href":"https:\/\/xolvento.com\/index.php\/wp-json\/wp\/v2\/comments?post=573"}],"version-history":[{"count":2,"href":"https:\/\/xolvento.com\/index.php\/wp-json\/wp\/v2\/pages\/573\/revisions"}],"predecessor-version":[{"id":1599,"href":"https:\/\/xolvento.com\/index.php\/wp-json\/wp\/v2\/pages\/573\/revisions\/1599"}],"wp:featuredmedia":[{"embeddable":true,"href":"https:\/\/xolvento.com\/index.php\/wp-json\/wp\/v2\/media\/354"}],"wp:attachment":[{"href":"https:\/\/xolvento.com\/index.php\/wp-json\/wp\/v2\/media?parent=573"}],"curies":[{"name":"wp","href":"https:\/\/api.w.org\/{rel}","templated":true}]}}