{"id":710,"date":"2018-01-09T13:09:40","date_gmt":"2018-01-09T19:09:40","guid":{"rendered":"http:\/\/xolvento.com\/?page_id=710"},"modified":"2021-07-30T07:50:55","modified_gmt":"2021-07-30T12:50:55","slug":"deshidratacion-de-petroleo-crudo","status":"publish","type":"page","link":"https:\/\/xolvento.com\/index.php\/deshidratacion-de-petroleo-crudo\/","title":{"rendered":"Deshidrataci\u00f3n de petr\u00f3leo crudo"},"content":{"rendered":"<p>El petr\u00f3leo crudo que se extrae del yacimiento, deber\u00e1 ser limpiado antes de enviarlo a Refinaci\u00f3n y\/o Exportaci\u00f3n.<\/p>\n<p>Este trae consigo impurezas tales como; Agua emulsionada en aceite, Sal, Sedimentos, Gas.<\/p>\n<p><img fetchpriority=\"high\" decoding=\"async\" class=\"size-full wp-image-356 alignleft\" src=\"https:\/\/xolvento.com\/wp-content\/uploads\/2021\/07\/obreros-con-cubrebocas_01-1.jpg\" alt=\"\" width=\"286\" height=\"176\" \/><\/p>\n<p style=\"text-align: justify;\">En <span style=\"color: #993300;\"><strong>Xolvento<\/strong><\/span> nos encargamos de formular\u00a0 y aplicar qu\u00edmicos Desemulsificantes para limpiar el petr\u00f3leo crudo, adecu\u00e1ndolo a las especificaciones API para su consumo interno o despacho a ventas. As\u00ed como tambi\u00e9n, el agua separada; obtenerla dentro de los par\u00e1metros ambientales e industriales para su disposici\u00f3n final, ya sea a pozo letrina o cuerpos de agua.<\/p>\n<p>Contamos con un amplio kit de qu\u00edmicos activos e intermedios (etoxilados, propoxilados, resinas varias, ect..) a fin de desarrollar en campo el <a href=\"https:\/\/xolvento.com\/wp-content\/uploads\/2021\/07\/xolvento-hoja-tecnica-demxol-tc289-1.pdf\" target=\"_blank\" rel=\"noopener\">Desemulsificante<\/a>\u00a0 id\u00f3neo para un crudo en particular que satisfaga interfase bien definida, salinidad y\u00a0 % de agua residual y esta \u00faltima, que cumpla con los requerimientos de Clarificaci\u00f3n.<\/p>\n<p>Todo dentro de las especificaciones de nuestros Clientes.<\/p>\n\n\n<p><\/p>\n","protected":false},"excerpt":{"rendered":"<p>El petr\u00f3leo crudo que se extrae del yacimiento, deber\u00e1 ser limpiado antes de enviarlo a Refinaci\u00f3n y\/o Exportaci\u00f3n. Este trae consigo impurezas tales como; Agua emulsionada en aceite, Sal, Sedimentos, Gas. En Xolvento nos encargamos de formular\u00a0 y aplicar qu\u00edmicos Desemulsificantes para limpiar el petr\u00f3leo crudo, adecu\u00e1ndolo a las especificaciones API para su consumo interno [&hellip;]<\/p>\n","protected":false},"author":1,"featured_media":272,"parent":0,"menu_order":0,"comment_status":"closed","ping_status":"closed","template":"","meta":{"site-sidebar-layout":"default","site-content-layout":"","ast-site-content-layout":"default","site-content-style":"default","site-sidebar-style":"default","ast-global-header-display":"","ast-banner-title-visibility":"","ast-main-header-display":"","ast-hfb-above-header-display":"","ast-hfb-below-header-display":"","ast-hfb-mobile-header-display":"","site-post-title":"","ast-breadcrumbs-content":"","ast-featured-img":"","footer-sml-layout":"","ast-disable-related-posts":"","theme-transparent-header-meta":"","adv-header-id-meta":"","stick-header-meta":"","header-above-stick-meta":"","header-main-stick-meta":"","header-below-stick-meta":"","astra-migrate-meta-layouts":"default","ast-page-background-enabled":"default","ast-page-background-meta":{"desktop":{"background-color":"var(--ast-global-color-4)","background-image":"","background-repeat":"repeat","background-position":"center center","background-size":"auto","background-attachment":"scroll","background-type":"","background-media":"","overlay-type":"","overlay-color":"","overlay-opacity":"","overlay-gradient":""},"tablet":{"background-color":"","background-image":"","background-repeat":"repeat","background-position":"center center","background-size":"auto","background-attachment":"scroll","background-type":"","background-media":"","overlay-type":"","overlay-color":"","overlay-opacity":"","overlay-gradient":""},"mobile":{"background-color":"","background-image":"","background-repeat":"repeat","background-position":"center center","background-size":"auto","background-attachment":"scroll","background-type":"","background-media":"","overlay-type":"","overlay-color":"","overlay-opacity":"","overlay-gradient":""}},"ast-content-background-meta":{"desktop":{"background-color":"var(--ast-global-color-5)","background-image":"","background-repeat":"repeat","background-position":"center center","background-size":"auto","background-attachment":"scroll","background-type":"","background-media":"","overlay-type":"","overlay-color":"","overlay-opacity":"","overlay-gradient":""},"tablet":{"background-color":"var(--ast-global-color-5)","background-image":"","background-repeat":"repeat","background-position":"center center","background-size":"auto","background-attachment":"scroll","background-type":"","background-media":"","overlay-type":"","overlay-color":"","overlay-opacity":"","overlay-gradient":""},"mobile":{"background-color":"var(--ast-global-color-5)","background-image":"","background-repeat":"repeat","background-position":"center center","background-size":"auto","background-attachment":"scroll","background-type":"","background-media":"","overlay-type":"","overlay-color":"","overlay-opacity":"","overlay-gradient":""}},"footnotes":""},"class_list":["post-710","page","type-page","status-publish","has-post-thumbnail","hentry"],"aioseo_notices":[],"_links":{"self":[{"href":"https:\/\/xolvento.com\/index.php\/wp-json\/wp\/v2\/pages\/710","targetHints":{"allow":["GET"]}}],"collection":[{"href":"https:\/\/xolvento.com\/index.php\/wp-json\/wp\/v2\/pages"}],"about":[{"href":"https:\/\/xolvento.com\/index.php\/wp-json\/wp\/v2\/types\/page"}],"author":[{"embeddable":true,"href":"https:\/\/xolvento.com\/index.php\/wp-json\/wp\/v2\/users\/1"}],"replies":[{"embeddable":true,"href":"https:\/\/xolvento.com\/index.php\/wp-json\/wp\/v2\/comments?post=710"}],"version-history":[{"count":6,"href":"https:\/\/xolvento.com\/index.php\/wp-json\/wp\/v2\/pages\/710\/revisions"}],"predecessor-version":[{"id":1477,"href":"https:\/\/xolvento.com\/index.php\/wp-json\/wp\/v2\/pages\/710\/revisions\/1477"}],"wp:featuredmedia":[{"embeddable":true,"href":"https:\/\/xolvento.com\/index.php\/wp-json\/wp\/v2\/media\/272"}],"wp:attachment":[{"href":"https:\/\/xolvento.com\/index.php\/wp-json\/wp\/v2\/media?parent=710"}],"curies":[{"name":"wp","href":"https:\/\/api.w.org\/{rel}","templated":true}]}}