{"id":851,"date":"2018-03-02T12:45:44","date_gmt":"2018-03-02T18:45:44","guid":{"rendered":"http:\/\/xolvento.com\/?page_id=851"},"modified":"2018-03-02T12:45:44","modified_gmt":"2018-03-02T18:45:44","slug":"consultoria-en-petroleo-y-energia","status":"publish","type":"page","link":"https:\/\/xolvento.com\/index.php\/consultoria-en-petroleo-y-energia\/","title":{"rendered":"Consultor\u00eda en Petr\u00f3leo y Energ\u00eda"},"content":{"rendered":"<p>&nbsp;<\/p>\n<p>Xolvento procura servicios de Consultor\u00eda, Asistencia T\u00e9cnica y Dise\u00f1o de nuevos Proyectos y su Costeabilidad,\u00a0 relacionados con la industria del Petr\u00f3leo y Energ\u00eda.<\/p>\n<ul>\n<li>Consultor\u00eda\n<ul>\n<li>Evaluaciones de Proyectos, su viabilidad y rentabilidad<\/li>\n<li>Evaluaciones Tecno Econ\u00f3micas en instalaciones de Campo<\/li>\n<li>Manejo y An\u00e1lisis de Datos operativos y su impacto en los costos.<\/li>\n<\/ul>\n<\/li>\n<li>Ingenier\u00eda de Campo:\n<ul>\n<li>Ingenier\u00eda de Procesos<\/li>\n<li>Tratamientos qu\u00edmicos.\n<ul>\n<li>Desarrollo de formulaciones<\/li>\n<li>Evaluaci\u00f3n de aplicaciones<\/li>\n<\/ul>\n<\/li>\n<li>Evaluaciones de prevenci\u00f3n de Corrosi\u00f3n<\/li>\n<li>Control de Calidad en medios de Proceso y Transporte<\/li>\n<\/ul>\n<\/li>\n<li>Medio Ambiente.\n<ul>\n<li>Legislaci\u00f3n Ambiental<\/li>\n<li>Tratamiento de Aguas y emisiones atmosf\u00e9ricas.<\/li>\n<li>Disposici\u00f3n final de efluentes.<\/li>\n<\/ul>\n<\/li>\n<li>Evaluaciones Tecno Econ\u00f3micas de Licitaciones o Propuestas de Negocios\n<ul>\n<li>An\u00e1lisis de Riesgos<\/li>\n<li>An\u00e1lisis Financieros<\/li>\n<\/ul>\n<\/li>\n<\/ul>\n","protected":false},"excerpt":{"rendered":"<p>&nbsp; Xolvento procura servicios de Consultor\u00eda, Asistencia T\u00e9cnica y Dise\u00f1o de nuevos Proyectos y su Costeabilidad,\u00a0 relacionados con la industria del Petr\u00f3leo y Energ\u00eda. Consultor\u00eda Evaluaciones de Proyectos, su viabilidad y rentabilidad Evaluaciones Tecno Econ\u00f3micas en instalaciones de Campo Manejo y An\u00e1lisis de Datos operativos y su impacto en los costos. Ingenier\u00eda de Campo: Ingenier\u00eda [&hellip;]<\/p>\n","protected":false},"author":1,"featured_media":852,"parent":0,"menu_order":0,"comment_status":"closed","ping_status":"closed","template":"","meta":{"site-sidebar-layout":"default","site-content-layout":"","ast-site-content-layout":"default","site-content-style":"default","site-sidebar-style":"default","ast-global-header-display":"","ast-banner-title-visibility":"","ast-main-header-display":"","ast-hfb-above-header-display":"","ast-hfb-below-header-display":"","ast-hfb-mobile-header-display":"","site-post-title":"","ast-breadcrumbs-content":"","ast-featured-img":"","footer-sml-layout":"","ast-disable-related-posts":"","theme-transparent-header-meta":"","adv-header-id-meta":"","stick-header-meta":"","header-above-stick-meta":"","header-main-stick-meta":"","header-below-stick-meta":"","astra-migrate-meta-layouts":"default","ast-page-background-enabled":"default","ast-page-background-meta":{"desktop":{"background-color":"var(--ast-global-color-4)","background-image":"","background-repeat":"repeat","background-position":"center center","background-size":"auto","background-attachment":"scroll","background-type":"","background-media":"","overlay-type":"","overlay-color":"","overlay-opacity":"","overlay-gradient":""},"tablet":{"background-color":"","background-image":"","background-repeat":"repeat","background-position":"center center","background-size":"auto","background-attachment":"scroll","background-type":"","background-media":"","overlay-type":"","overlay-color":"","overlay-opacity":"","overlay-gradient":""},"mobile":{"background-color":"","background-image":"","background-repeat":"repeat","background-position":"center center","background-size":"auto","background-attachment":"scroll","background-type":"","background-media":"","overlay-type":"","overlay-color":"","overlay-opacity":"","overlay-gradient":""}},"ast-content-background-meta":{"desktop":{"background-color":"var(--ast-global-color-5)","background-image":"","background-repeat":"repeat","background-position":"center center","background-size":"auto","background-attachment":"scroll","background-type":"","background-media":"","overlay-type":"","overlay-color":"","overlay-opacity":"","overlay-gradient":""},"tablet":{"background-color":"var(--ast-global-color-5)","background-image":"","background-repeat":"repeat","background-position":"center center","background-size":"auto","background-attachment":"scroll","background-type":"","background-media":"","overlay-type":"","overlay-color":"","overlay-opacity":"","overlay-gradient":""},"mobile":{"background-color":"var(--ast-global-color-5)","background-image":"","background-repeat":"repeat","background-position":"center center","background-size":"auto","background-attachment":"scroll","background-type":"","background-media":"","overlay-type":"","overlay-color":"","overlay-opacity":"","overlay-gradient":""}},"footnotes":""},"class_list":["post-851","page","type-page","status-publish","has-post-thumbnail","hentry"],"aioseo_notices":[],"_links":{"self":[{"href":"https:\/\/xolvento.com\/index.php\/wp-json\/wp\/v2\/pages\/851","targetHints":{"allow":["GET"]}}],"collection":[{"href":"https:\/\/xolvento.com\/index.php\/wp-json\/wp\/v2\/pages"}],"about":[{"href":"https:\/\/xolvento.com\/index.php\/wp-json\/wp\/v2\/types\/page"}],"author":[{"embeddable":true,"href":"https:\/\/xolvento.com\/index.php\/wp-json\/wp\/v2\/users\/1"}],"replies":[{"embeddable":true,"href":"https:\/\/xolvento.com\/index.php\/wp-json\/wp\/v2\/comments?post=851"}],"version-history":[{"count":0,"href":"https:\/\/xolvento.com\/index.php\/wp-json\/wp\/v2\/pages\/851\/revisions"}],"wp:featuredmedia":[{"embeddable":true,"href":"https:\/\/xolvento.com\/index.php\/wp-json\/wp\/v2\/menu-items\/852"}],"wp:attachment":[{"href":"https:\/\/xolvento.com\/index.php\/wp-json\/wp\/v2\/media?parent=851"}],"curies":[{"name":"wp","href":"https:\/\/api.w.org\/{rel}","templated":true}]}}